{"id":4794,"date":"2025-11-03T16:24:38","date_gmt":"2025-11-03T21:24:38","guid":{"rendered":"https:\/\/funfou.capsuleweb.ca\/produit\/snow-queen\/"},"modified":"2025-11-03T16:24:38","modified_gmt":"2025-11-03T21:24:38","slug":"snow-queen","status":"publish","type":"product","link":"https:\/\/funfou.capsuleweb.ca\/en\/produit\/snow-queen\/","title":{"rendered":"Snow Queen"},"content":{"rendered":"<div style=\"direction: ltr; border-width: 100%;\">\n<div style=\"direction: ltr; margin-top: 0in; margin-left: 0in; width: 4.4659in;\">\n<div style=\"direction: ltr; margin-top: 0in; margin-left: 0in; width: 4.4659in;\">\n<ul style=\"direction: ltr; unicode-bidi: embed; margin-top: 0in; margin-bottom: 0in;\">\n<li style=\"list-style-type: none;\">\n<ul style=\"direction: ltr; unicode-bidi: embed; margin-top: 0in; margin-bottom: 0in;\" type=\"disc\">\n<li>Power Requirement: 2 x 15 amp.<\/li>\n<li>Attendant required: 1<\/li>\n<li>Recommended age group: 3 to 12.<\/li>\n<li>Number of participants: 8<\/li>\n<li>Includes: game, mats, blowers, extension cords, and stakes.<\/li>\n<li>Special feature: can become a water game.<\/li>\n<li style=\"margin-top: 0; margin-bottom: 0; vertical-align: middle; color: #666666;\">Dimensions: 18 x 19 x 15 feet<\/li>\n<li>Weight: 368 lbs<\/li>\n<li><a href=\"https:\/\/funfou.capsuleweb.ca\/wp-content\/uploads\/2021\/11\/Pick-up-e1700593958897.png\"><img decoding=\"async\" class=\"alignnone wp-image-6735\" src=\"https:\/\/funfou.capsuleweb.ca\/wp-content\/uploads\/2021\/11\/Pick-up-300x156.png\" alt=\"\" width=\"80\" height=\"42\"><\/a><\/li>\n<\/ul>\n<\/li>\n<\/ul>\n<\/div>\n<\/div>\n<\/div>\n","protected":false},"excerpt":{"rendered":"<p>Lib\u00e9r\u00e9\u00e9\u00e9\u00e9\u00e9\u00e9\u00e9\u00e9\u00e9, d\u00e9livr\u00e9\u00e9\u00e9\u00e9\u00e9\u00e9&#8230; of children&#8217;s energy! This gigantic game features a jumper, obstacles and a slide worthy of a winter kingdom. So big that Olaf could get lost.  <\/p>\n","protected":false},"featured_media":4801,"comment_status":"closed","ping_status":"closed","template":"","meta":{"_acf_changed":false,"site-sidebar-layout":"default","site-content-layout":"","ast-site-content-layout":"default","site-content-style":"default","site-sidebar-style":"default","ast-global-header-display":"","ast-banner-title-visibility":"","ast-main-header-display":"","ast-hfb-above-header-display":"","ast-hfb-below-header-display":"","ast-hfb-mobile-header-display":"","site-post-title":"","ast-breadcrumbs-content":"","ast-featured-img":"","footer-sml-layout":"","ast-disable-related-posts":"","theme-transparent-header-meta":"default","adv-header-id-meta":"","stick-header-meta":"","header-above-stick-meta":"","header-main-stick-meta":"","header-below-stick-meta":"","astra-migrate-meta-layouts":"default","ast-page-background-enabled":"default","ast-page-background-meta":{"desktop":{"background-color":"var(--ast-global-color-5)","background-image":"","background-repeat":"repeat","background-position":"center center","background-size":"auto","background-attachment":"scroll","background-type":"","background-media":"","overlay-type":"","overlay-color":"","overlay-opacity":"","overlay-gradient":""},"tablet":{"background-color":"","background-image":"","background-repeat":"repeat","background-position":"center center","background-size":"auto","background-attachment":"scroll","background-type":"","background-media":"","overlay-type":"","overlay-color":"","overlay-opacity":"","overlay-gradient":""},"mobile":{"background-color":"","background-image":"","background-repeat":"repeat","background-position":"center center","background-size":"auto","background-attachment":"scroll","background-type":"","background-media":"","overlay-type":"","overlay-color":"","overlay-opacity":"","overlay-gradient":""}},"ast-content-background-meta":{"desktop":{"background-color":"var(--ast-global-color-4)","background-image":"","background-repeat":"repeat","background-position":"center center","background-size":"auto","background-attachment":"scroll","background-type":"","background-media":"","overlay-type":"","overlay-color":"","overlay-opacity":"","overlay-gradient":""},"tablet":{"background-color":"var(--ast-global-color-4)","background-image":"","background-repeat":"repeat","background-position":"center center","background-size":"auto","background-attachment":"scroll","background-type":"","background-media":"","overlay-type":"","overlay-color":"","overlay-opacity":"","overlay-gradient":""},"mobile":{"background-color":"var(--ast-global-color-4)","background-image":"","background-repeat":"repeat","background-position":"center center","background-size":"auto","background-attachment":"scroll","background-type":"","background-media":"","overlay-type":"","overlay-color":"","overlay-opacity":"","overlay-gradient":""}}},"product_brand":[],"product_cat":[117,104,102,116],"product_tag":[109,110,111,126,128,105,106,107,108,112],"class_list":{"0":"post-4794","1":"product","2":"type-product","3":"status-publish","4":"has-post-thumbnail","6":"product_cat-cartoon-theme","7":"product_cat-inflatables","8":"product_cat-jump-and-slide","9":"product_cat-large-game","10":"product_tag-10-years","11":"product_tag-11-years","12":"product_tag-12-years","13":"product_tag-3-years","14":"product_tag-4-years","15":"product_tag-5-years","16":"product_tag-6-years","17":"product_tag-7-years","18":"product_tag-8-years","19":"product_tag-9-years","20":"desktop-align-left","21":"tablet-align-left","22":"mobile-align-left","24":"first","25":"instock","26":"featured","27":"sold-individually","28":"taxable","29":"shipping-taxable","30":"purchasable","31":"product-type-phive_booking"},"acf":[],"_links":{"self":[{"href":"https:\/\/funfou.capsuleweb.ca\/en\/wp-json\/wp\/v2\/product\/4794","targetHints":{"allow":["GET"]}}],"collection":[{"href":"https:\/\/funfou.capsuleweb.ca\/en\/wp-json\/wp\/v2\/product"}],"about":[{"href":"https:\/\/funfou.capsuleweb.ca\/en\/wp-json\/wp\/v2\/types\/product"}],"replies":[{"embeddable":true,"href":"https:\/\/funfou.capsuleweb.ca\/en\/wp-json\/wp\/v2\/comments?post=4794"}],"wp:featuredmedia":[{"embeddable":true,"href":"https:\/\/funfou.capsuleweb.ca\/en\/wp-json\/wp\/v2\/media\/4801"}],"wp:attachment":[{"href":"https:\/\/funfou.capsuleweb.ca\/en\/wp-json\/wp\/v2\/media?parent=4794"}],"wp:term":[{"taxonomy":"product_brand","embeddable":true,"href":"https:\/\/funfou.capsuleweb.ca\/en\/wp-json\/wp\/v2\/product_brand?post=4794"},{"taxonomy":"product_cat","embeddable":true,"href":"https:\/\/funfou.capsuleweb.ca\/en\/wp-json\/wp\/v2\/product_cat?post=4794"},{"taxonomy":"product_tag","embeddable":true,"href":"https:\/\/funfou.capsuleweb.ca\/en\/wp-json\/wp\/v2\/product_tag?post=4794"}],"curies":[{"name":"wp","href":"https:\/\/api.w.org\/{rel}","templated":true}]}}